{"id":1610,"date":"2025-04-14T16:21:42","date_gmt":"2025-04-14T16:21:42","guid":{"rendered":"https:\/\/demosites.royal-elementor-addons.com\/digital-marketing-agency-v4\/?page_id=14"},"modified":"2026-03-10T13:46:41","modified_gmt":"2026-03-10T13:46:41","slug":"coontato","status":"publish","type":"page","link":"https:\/\/olabeyond.com\/?page_id=1610","title":{"rendered":"Contato"},"content":{"rendered":"\t\t<div data-elementor-type=\"wp-page\" data-elementor-id=\"1610\" class=\"elementor elementor-1610\">\n\t\t\t\t<div class=\"elementor-element elementor-element-ee082f2 e-flex e-con-boxed wpr-particle-no wpr-jarallax-no wpr-parallax-no wpr-sticky-section-no e-con e-parent\" data-id=\"ee082f2\" data-element_type=\"container\" data-e-type=\"container\" data-settings=\"{&quot;background_background&quot;:&quot;classic&quot;}\">\n\t\t\t\t\t<div class=\"e-con-inner\">\n\t\t<div class=\"elementor-element elementor-element-7588072 e-con-full e-flex wpr-particle-no wpr-jarallax-no wpr-parallax-no wpr-sticky-section-no e-con e-child\" data-id=\"7588072\" data-element_type=\"container\" data-e-type=\"container\">\n\t\t\t\t<div class=\"elementor-element elementor-element-128e690 elementor-widget elementor-widget-heading\" data-id=\"128e690\" data-element_type=\"widget\" data-e-type=\"widget\" data-widget_type=\"heading.default\">\n\t\t\t\t\t<h2 class=\"elementor-heading-title elementor-size-default\">Contato<\/h2>\t\t\t\t<\/div>\n\t\t\t\t<div class=\"elementor-element elementor-element-1b84d6d elementor-widget elementor-widget-wpr-breadcrumbs-pro\" data-id=\"1b84d6d\" data-element_type=\"widget\" data-e-type=\"widget\" data-widget_type=\"wpr-breadcrumbs-pro.default\">\n\t\t\t\t\t<div class=\"wpr-post-breadcrumbs\"><ul class=\"wpr-breadcrumbs\"><li><a href=\"https:\/\/olabeyond.com\">Home<\/a><\/li><li>\/<\/li><\/ul><\/div>\t\t\t\t<\/div>\n\t\t\t\t<\/div>\n\t\t\t\t\t<\/div>\n\t\t\t\t<\/div>\n\t\t<div class=\"elementor-element elementor-element-5824107 e-flex e-con-boxed wpr-particle-no wpr-jarallax-no wpr-parallax-no wpr-sticky-section-no e-con e-parent\" data-id=\"5824107\" data-element_type=\"container\" data-e-type=\"container\">\n\t\t\t\t\t<div class=\"e-con-inner\">\n\t\t<div class=\"elementor-element elementor-element-4241981 e-con-full e-flex wpr-particle-no wpr-jarallax-no wpr-parallax-no wpr-sticky-section-no elementor-invisible e-con e-child\" data-id=\"4241981\" data-element_type=\"container\" data-e-type=\"container\" data-settings=\"{&quot;animation&quot;:&quot;slideInLeft&quot;}\">\n\t\t\t\t<div class=\"elementor-element elementor-element-d82db18 wpr-promo-box-style-cover elementor-widget elementor-widget-wpr-promo-box\" data-id=\"d82db18\" data-element_type=\"widget\" data-e-type=\"widget\" data-widget_type=\"wpr-promo-box.default\">\n\t\t\t\t\t\n\t\t<div class=\"wpr-promo-box wpr-animation-wrap\">\n\n\t\t\t\t\t\t\t\n\t\t\t\t\t\t\t<div class=\"wpr-promo-box-image\">\n\t\t\t\t\t<div class=\"wpr-promo-box-bg-image wpr-bg-anim-zoom-in wpr-anim-timing-ease-default\" style=\"background-image:url(https:\/\/olabeyond.com\/wp-content\/uploads\/2025\/04\/Contact-1.jpg);\"><\/div>\n\t\t\t\t\t<div class=\"wpr-promo-box-bg-overlay wpr-border-anim-bubba\"><\/div>\n\t\t\t\t<\/div>\n\t\t\t\t\t\t\n\t\t\t<div class=\"wpr-promo-box-content\">\n\n\t\t\t\t\t\t\t\t<div class=\"wpr-promo-box-icon\">\n\t\t\t\t\t\t\t\t\t<\/div>\n\t\t\t\t\n\t\t\t\t<h3 class=\"wpr-promo-box-title\"><span>Vamos estruturar o crescimento da sua marca.<\/span><\/h3>\n\t\t\t\t\t\t\t\t\t<div class=\"wpr-promo-box-description\">\n\t\t\t\t\t\t<p><p>Conte pra gente sobre seu momento e seus objetivos. Vamos analisar seu cen\u00e1rio e indicar o melhor caminho.<\/p><\/p>\t\n\t\t\t\t\t<\/div>\t\t\t\t\t\t\n\t\t\t\t\n\t\t\t\t\t\t\t\t\t<div class=\"wpr-promo-box-btn-wrap\">\n\t\t\t\t\t\t<a class=\"wpr-promo-box-btn\" href=\"#\">\n\n\t\t\t\t\t\t\t\t\t\t\t\t\t\t<span class=\"wpr-promo-box-btn-text\">Contact Us<\/span>\t\t\n\t\t\t\t\t\t\t\n\t\t\t\t\t\t\t\t\t\t\t\t\t<\/a>\n\t\t\t\t\t<\/div>\t\n\t\t\t\t\t\t\t<\/div>\n\n\t\t\t\t\t<\/div>\n\n\t\t\t\t\t\t<\/div>\n\t\t\t\t<\/div>\n\t\t<div class=\"elementor-element elementor-element-6dba832 e-con-full e-flex wpr-particle-no wpr-jarallax-no wpr-parallax-no wpr-sticky-section-no elementor-invisible e-con e-child\" data-id=\"6dba832\" data-element_type=\"container\" data-e-type=\"container\" data-settings=\"{&quot;animation&quot;:&quot;slideInRight&quot;}\">\n\t\t\t\t<div class=\"elementor-element elementor-element-b205855 elementor-widget elementor-widget-heading\" data-id=\"b205855\" data-element_type=\"widget\" data-e-type=\"widget\" data-widget_type=\"heading.default\">\n\t\t\t\t\t<h2 class=\"elementor-heading-title elementor-size-default\"><p data-start=\"1387\" data-end=\"1426\">Fale com a Bey <\/p><\/h2>\t\t\t\t<\/div>\n\t\t\t\t<div class=\"elementor-element elementor-element-4e34a77 elementor-widget elementor-widget-text-editor\" data-id=\"4e34a77\" data-element_type=\"widget\" data-e-type=\"widget\" data-widget_type=\"text-editor.default\">\n\t\t\t\t\t\t\t\t\t<p>Preencha os dados abaixo e nos conte o que voc\u00ea busca. Quanto mais contexto, mais preciso ser\u00e1 o nosso direcionamento.<\/p>\t\t\t\t\t\t\t\t<\/div>\n\t\t\t\t<div class=\"elementor-element elementor-element-1ca43bb wpr-step-type-number_text wpr-step-content-layout-vertical wpr-custom-styles-yes elementor-widget elementor-widget-wpr-form-builder\" data-id=\"1ca43bb\" data-element_type=\"widget\" data-e-type=\"widget\" data-settings=\"{&quot;success_message&quot;:&quot;Submission successful&quot;,&quot;error_message&quot;:&quot;Please edit this form and setup your Email&quot;,&quot;button_width&quot;:{&quot;unit&quot;:&quot;%&quot;,&quot;size&quot;:100,&quot;sizes&quot;:[]},&quot;button_width_laptop&quot;:{&quot;unit&quot;:&quot;px&quot;,&quot;size&quot;:&quot;&quot;,&quot;sizes&quot;:[]},&quot;button_width_tablet&quot;:{&quot;unit&quot;:&quot;px&quot;,&quot;size&quot;:&quot;&quot;,&quot;sizes&quot;:[]},&quot;button_width_mobile&quot;:{&quot;unit&quot;:&quot;px&quot;,&quot;size&quot;:&quot;&quot;,&quot;sizes&quot;:[]},&quot;step_type&quot;:&quot;number_text&quot;,&quot;step_content_layout&quot;:&quot;vertical&quot;}\" data-widget_type=\"wpr-form-builder.default\">\n\t\t\t\t\t\t\t<form class=\"wpr-form\" method=\"post\" name=\"New Form\" page=\"Contato\" page_id=\"1610\" novalidate>\n\t\t\t<input type=\"hidden\" name=\"post_id\" value=\"1610\"\/>\n\t\t\t<input type=\"hidden\" name=\"form_id\" value=\"1ca43bb\"\/>\n\t\t\t<input type=\"hidden\" name=\"referer_title\" value=\"\" \/>\n\n\t\t\t<div class=\"wpr-step-wrap\"><\/div>\n\t\t\t<div class=\"wpr-form-fields-wrap wpr-labels-above\">\n\t\t\t\t\t\t\t\t\t<div class=\"wpr-form-field-type-text wpr-field-group wpr-column wpr-field-group-name elementor-repeater-item-833453a\">\n\t\t\t\t\t\t\t\t\t\t\t\t\t\t<label for=\"form-field-name\" class=\"wpr-form-field-label\" data-alt-label=\"Nome \">\n\t\t\t\t\t\t\t\t\tNome \t\t\t\t\t\t\t\t<\/label>\n\t\t\t\t\t\t\t<input size=\"1 \"type=\"text\" name=\"form_fields[name]\" id=\"form-field-name\" class=\"wpr-form-field  wpr-form-field-textual\" placeholder=\"Enter your full name\">\t\t\t\t\t<\/div>\n\t\t\t\t\t\t\t\t\t<div class=\"wpr-form-field-type-text wpr-field-group wpr-column wpr-field-group-df1d6c8 elementor-repeater-item-df1d6c8\">\n\t\t\t\t\t\t\t\t\t\t\t\t\t\t<label for=\"form-field-df1d6c8\" class=\"wpr-form-field-label\" data-alt-label=\"Sobrenome\">\n\t\t\t\t\t\t\t\t\tSobrenome\t\t\t\t\t\t\t\t<\/label>\n\t\t\t\t\t\t\t<input size=\"1 \"type=\"text\" name=\"form_fields[df1d6c8]\" id=\"form-field-df1d6c8\" class=\"wpr-form-field  wpr-form-field-textual\" placeholder=\"Your surname\">\t\t\t\t\t<\/div>\n\t\t\t\t\t\t\t\t\t<div class=\"wpr-form-field-type-email wpr-field-group wpr-column wpr-field-group-3b128ac elementor-repeater-item-3b128ac wpr-form-field-required\">\n\t\t\t\t\t\t\t\t\t\t\t\t\t\t<label for=\"form-field-3b128ac\" class=\"wpr-form-field-label\" data-alt-label=\"Email\">\n\t\t\t\t\t\t\t\t\tEmail\t\t\t\t\t\t\t\t<\/label>\n\t\t\t\t\t\t\t<input size=\"1 \"type=\"email\" name=\"form_fields[3b128ac]\" id=\"form-field-3b128ac\" class=\"wpr-form-field  wpr-form-field-textual\" placeholder=\"Enter your email address\" required=\"required\" aria-required=\"true\">\t\t\t\t\t<\/div>\n\t\t\t\t\t\t\t\t\t<div class=\"wpr-form-field-type-tel wpr-field-group wpr-column wpr-field-group-7c3fe6b elementor-repeater-item-7c3fe6b\">\n\t\t\t\t\t\t\t\t\t\t\t\t\t\t<label for=\"form-field-7c3fe6b\" class=\"wpr-form-field-label\" data-alt-label=\"N\u00famero de contato\">\n\t\t\t\t\t\t\t\t\tN\u00famero de contato\t\t\t\t\t\t\t\t<\/label>\n\t\t\t\t\t\t\t<input size=\"1 \"type=\"tel\" name=\"form_fields[7c3fe6b]\" id=\"form-field-7c3fe6b\" class=\"wpr-form-field  wpr-form-field-textual\" placeholder=\"ex.: +1-(234)-567-89\">\t\t\t\t\t<\/div>\n\t\t\t\t\t\t\t\t\t<div class=\"wpr-form-field-type-text wpr-field-group wpr-column wpr-field-group-436019e elementor-repeater-item-436019e\">\n\t\t\t\t\t\t\t\t\t\t\t\t\t\t<label for=\"form-field-436019e\" class=\"wpr-form-field-label\" data-alt-label=\"Empresa\">\n\t\t\t\t\t\t\t\t\tEmpresa\t\t\t\t\t\t\t\t<\/label>\n\t\t\t\t\t\t\t<input size=\"1 \"type=\"text\" name=\"form_fields[436019e]\" id=\"form-field-436019e\" class=\"wpr-form-field  wpr-form-field-textual\" placeholder=\"Your business or organization name\">\t\t\t\t\t<\/div>\n\t\t\t\t\t\t\t\t\t<div class=\"wpr-form-field-type-url wpr-field-group wpr-column wpr-field-group-9d11150 elementor-repeater-item-9d11150\">\n\t\t\t\t\t\t\t\t\t\t\t\t\t\t<label for=\"form-field-9d11150\" class=\"wpr-form-field-label\" data-alt-label=\"Site\">\n\t\t\t\t\t\t\t\t\tSite\t\t\t\t\t\t\t\t<\/label>\n\t\t\t\t\t\t\t<input size=\"1 \"type=\"url\" name=\"form_fields[9d11150]\" id=\"form-field-9d11150\" class=\"wpr-form-field  wpr-form-field-textual\" placeholder=\"www.example.com\">\t\t\t\t\t<\/div>\n\t\t\t\t\t\t\t\t\t<div class=\"wpr-form-field-type-select wpr-field-group wpr-column wpr-field-group-6e2ec5b elementor-repeater-item-6e2ec5b\">\n\t\t\t\t\t\t\t\t\t\t\t\t\t\t<label for=\"form-field-6e2ec5b\" class=\"wpr-form-field-label\" data-alt-label=\"Servi\u00e7o \">\n\t\t\t\t\t\t\t\t\tServi\u00e7o \t\t\t\t\t\t\t\t<\/label>\n\t\t\t\t\t\t\t\t\t<div class=\"wpr-form-field wpr-select-wrap wpr-fi-svg-yes remove-before \">\n\n\t\t\t\t\t\t\t<!-- <svg class=\"e-font-icon-svg e-eicon-caret-down\" viewBox=\"0 0 571.4 1000\" xmlns=\"http:\/\/www.w3.org\/2000\/svg\">\n\t\t\t\t\t<path d=\"M571 457q0-14-10-25l-250-250q-11-11-25-11t-25 11l-250 250q-11 11-11 25t11 25 25 11h500q14 0 25-11t10-25z\"\/>\n\t\t\t\t<\/svg> -->\n\t\t\t\t<!-- <svg class=\"e-font-icon-svg e-eicon-caret-up\" viewBox=\"0 0 1000 1000\" xmlns=\"http:\/\/www.w3.org\/2000\/svg\">\n\t\t\t\t\t<path d=\"M763 279c8-8 8-12 8-25 0-8-4-16-8-25-9-8-13-8-25-8h-459c-8 0-16 4-25 8 0 9-4 17-4 25 0 9 4 17 8 25l230 229c8 5 16 9 25 9 8 0 16-4 25-9l225-229z\"\/>\n\t\t\t\t<\/svg> -->\n\t\t\t\t<!-- <svg class=\"e-font-icon-svg e-eicon-caret-up\" viewBox=\"0 0 1000 500\" xmlns=\"http:\/\/www.w3.org\/2000\/svg\">\n\t\t\t\t\t<path d=\"M763 279c8-8 8-12 8-25 0-8-4-16-8-25-9-8-13-8-25-8h-459c-8 0-16 4-25 8 0 9-4 17-4 25 0 9 4 17 8 25l230 229c8 5 16 9 25 9 8 0 16-4 25-9l225-229z\"\/>\n\t\t\t\t<\/svg> -->\n\t\t\t\t<svg class=\"e-font-icon-svg e-eicon-caret-up\" viewBox=\"0 0 1000 500\" xmlns=\"http:\/\/www.w3.org\/2000\/svg\">\n\t\t\t\t\t<path d=\"M763 279c8-8 8-12 8-25 0-8-4-16-8-25-9-8-13-8-25-8h-459c-8 0-16 4-25 8 0 9-4 17-4 25 0 9 4 17 8 25l230 229c8 5 16 9 25 9 8 0 16-4 25-9l225-229z\"\/>\n\t\t\t\t<\/svg>\n\t\t\t\n\t\t\t<select name=\"form_fields[6e2ec5b]\" id=\"form-field-6e2ec5b\" class=\"wpr-form-field-textual\">\n\n\t\t\t\t\t\t\t\t\t<option value=\"Tr\u00e1fego Pago \">\n\t\t\t\t\tTr\u00e1fego Pago \t\t\t\t\t<\/option>\n\t\t\t\t\t\t\t\t\t<option value=\"Consultoria de Marketing\">\n\t\t\t\t\tConsultoria de Marketing\t\t\t\t\t<\/option>\n\t\t\t\t\t\t\t\t\t<option value=\"Cria\u00e7\u00e3o de conte\u00fado \">\n\t\t\t\t\tCria\u00e7\u00e3o de conte\u00fado \t\t\t\t\t<\/option>\n\t\t\t\t\t\t\t\t\t<option value=\"1 mes em 1 dia \">\n\t\t\t\t\t1 mes em 1 dia \t\t\t\t\t<\/option>\n\t\t\t\t\t\t\t\t\t<option value=\"Social media \">\n\t\t\t\t\tSocial media \t\t\t\t\t<\/option>\n\t\t\t\t\t\t\t\t\t<option value=\"Branding \">\n\t\t\t\t\tBranding \t\t\t\t\t<\/option>\n\t\t\t\t\t\t\t\t\t<option value=\"Desenvolvimento de sites\">\n\t\t\t\t\tDesenvolvimento de sites\t\t\t\t\t<\/option>\n\t\t\t\t\t\t\t\t\t<option value=\"Design\">\n\t\t\t\t\tDesign\t\t\t\t\t<\/option>\n\t\t\t\t\t\t\t\t\t<option value=\"Lan\u00e7amentos \">\n\t\t\t\t\tLan\u00e7amentos \t\t\t\t\t<\/option>\n\t\t\t\t\t\t\t\t\t<option value=\"Outros \">\n\t\t\t\t\tOutros \t\t\t\t\t<\/option>\n\t\t\t\t\t\t\t\t\t<option value=\"\">\n\t\t\t\t\t\t\t\t\t\t<\/option>\n\t\t\t\t\t\t\t\t\t<option value=\"\">\n\t\t\t\t\t\t\t\t\t\t<\/option>\n\t\t\t\t\t\t\t<\/select>\n\t\t<\/div>\n\t\t\t\t\t\t\t<\/div>\n\t\t\t\t\t\t\t\t\t<div class=\"wpr-form-field-type-radio wpr-field-group wpr-column wpr-field-group-ccf58d1 elementor-repeater-item-ccf58d1\">\n\t\t\t\t\t\t\t\t\t\t\t\t\t\t<label for=\"form-field-ccf58d1\" class=\"wpr-form-field-label\" data-alt-label=\"Preferred Contact Method\">\n\t\t\t\t\t\t\t\t\tPreferred Contact Method\t\t\t\t\t\t\t\t<\/label>\n\t\t\t\t\t\t\t<div class=\"wpr-field-sub-group  wpr-inline-sub-group\"><span class=\"wpr-form-field-option\" data-key=\"form-field-ccf58d1\"><input type=\"radio\" value=\"Email\" id=\"form-field-ccf58d1-0\" name=\"form_fields[ccf58d1]\"> <label for=\"form-field-ccf58d1-0\">Email<\/label><\/span><span class=\"wpr-form-field-option\" data-key=\"form-field-ccf58d1\"><input type=\"radio\" value=\"Celular (Liga\u00e7\u00e3o)\" id=\"form-field-ccf58d1-1\" name=\"form_fields[ccf58d1]\"> <label for=\"form-field-ccf58d1-1\">Celular (Liga\u00e7\u00e3o)<\/label><\/span><span class=\"wpr-form-field-option\" data-key=\"form-field-ccf58d1\"><input type=\"radio\" value=\"Meeting\" id=\"form-field-ccf58d1-2\" name=\"form_fields[ccf58d1]\"> <label for=\"form-field-ccf58d1-2\">Meeting<\/label><\/span><span class=\"wpr-form-field-option\" data-key=\"form-field-ccf58d1\"><input type=\"radio\" value=\"WhatsApp\" id=\"form-field-ccf58d1-3\" name=\"form_fields[ccf58d1]\"> <label for=\"form-field-ccf58d1-3\">WhatsApp<\/label><\/span><\/div>\t\t\t\t\t<\/div>\n\t\t\t\t\t\t\t\t\t<div class=\"wpr-form-field-type-textarea wpr-field-group wpr-column wpr-field-group-message elementor-repeater-item-2d6edf9\">\n\t\t\t\t\t\t\t\t\t\t\t\t\t\t<label for=\"form-field-message\" class=\"wpr-form-field-label\" data-alt-label=\"Message\">\n\t\t\t\t\t\t\t\t\tMessage\t\t\t\t\t\t\t\t<\/label>\n\t\t\t\t\t\t\t<textarea class=\"wpr-form-field-textual wpr-form-field \" name=\"form_fields[message]\" id=\"form-field-message\" rows=\"7\" placeholder=\"Tell us more about your needs, goals, or project...\"><\/textarea>\t\t\t\t\t<\/div>\n\t\t\t\t\t\t\t\t\t<div class=\"wpr-form-field-type-upload wpr-field-group wpr-column wpr-field-group-49fea48 elementor-repeater-item-49fea48\">\n\t\t\t\t\t\t\t\t\t\t\t\t\t\t<label for=\"form-field-49fea48\" class=\"wpr-form-field-label\" data-alt-label=\"Attach any relevant files or project briefs\">\n\t\t\t\t\t\t\t\t\tAttach any relevant files or project briefs\t\t\t\t\t\t\t\t<\/label>\n\t\t\t\t\t\t\t<input size=\"1 \"type=\"file\" name=\"form_fields[49fea48]\" id=\"form-field-49fea48\" class=\"wpr-form-field \" data-maxfs=\"1\" data-maxfs-notice=\"File size is more than allowed.\" data-allft=\"jpg,jpeg,png,gif,pdf,doc,docx,ppt,pptx,odt,avi,ogg,m4a,mov,mp3,mp4,mpg,wav,wmv,txt\">\t\t\t\t\t<\/div>\n\t\t\t\t<div class=\"wpr-field-group wpr-stp-btns-wrap wpr-column wpr-form-field-type-submit\" data-actions=\"[&quot;email&quot;]\" data-redirect-url=\"\" data-mailchimp-fields=\"{&quot;email_field&quot;:&quot;&quot;,&quot;first_name_field&quot;:&quot;&quot;,&quot;last_name_field&quot;:&quot;&quot;,&quot;address_field&quot;:&quot;&quot;,&quot;phone_field&quot;:&quot;&quot;,&quot;birthday_field&quot;:&quot;&quot;,&quot;group_id&quot;:&quot;&quot;}\" data-list-id=\"\">\t\t\t<button type=\"submit\" class=\"wpr-button\">\n\t\t\t\t<span >\n\t\t\t\t\t\t\t\t\t\t\t\t\t\t\t\t<span>Send<\/span>\n\t\t\t\t\t\t\t\t\t\t\t\t\t\t<\/span>\t\n\t\t\t\t<div class=\"wpr-double-bounce wpr-loader-hidden\">\n\t\t\t\t\t<div class=\"wpr-child wpr-double-bounce1\"><\/div>\n\t\t\t\t\t<div class=\"wpr-child wpr-double-bounce2\"><\/div>\n\t\t\t\t<\/div>\n\t\t\t<\/button>\n\t\t<\/div>\t\t\t\t\n\t\t\t<\/div>\n\t\t<\/form>\n\t  \t\t\t\t<\/div>\n\t\t\t\t<\/div>\n\t\t\t\t\t<\/div>\n\t\t\t\t<\/div>\n\t\t<div class=\"elementor-element elementor-element-3dedbc4 e-grid e-con-boxed wpr-particle-no wpr-jarallax-no wpr-parallax-no wpr-sticky-section-no e-con e-child\" data-id=\"3dedbc4\" data-element_type=\"container\" data-e-type=\"container\" data-settings=\"{&quot;background_background&quot;:&quot;classic&quot;}\">\n\t\t\t\t\t<div class=\"e-con-inner\">\n\t\t\t\t<div class=\"elementor-element elementor-element-fabf77d wpr-promo-box-style-cover elementor-invisible elementor-widget elementor-widget-wpr-promo-box\" data-id=\"fabf77d\" data-element_type=\"widget\" data-e-type=\"widget\" data-settings=\"{&quot;_animation&quot;:&quot;zoomIn&quot;}\" data-widget_type=\"wpr-promo-box.default\">\n\t\t\t\t\t\n\t\t<div class=\"wpr-promo-box wpr-animation-wrap\">\n\n\t\t\t\t\t\t\t\n\t\t\t\t\t\t\t<div class=\"wpr-promo-box-image\">\n\t\t\t\t\t<div class=\"wpr-promo-box-bg-image wpr-bg-anim-zoom-in wpr-anim-timing-ease-default\" style=\"background-image:url(https:\/\/olabeyond.com\/wp-content\/uploads\/2025\/04\/V2.jpg);\"><\/div>\n\t\t\t\t\t<div class=\"wpr-promo-box-bg-overlay wpr-border-anim-none\"><\/div>\n\t\t\t\t<\/div>\n\t\t\t\t\t\t\n\t\t\t<div class=\"wpr-promo-box-content\">\n\n\t\t\t\t\t\t\t\t<div class=\"wpr-promo-box-icon\">\n\t\t\t\t\t\t\t\t\t\t\t<i class=\"fas fa-phone-alt\"><\/i>\n\t\t\t\t\t\t\t\t\t<\/div>\n\t\t\t\t\n\t\t\t\t<h3 class=\"wpr-promo-box-title\"><span>Fale conosco<\/span><\/h3>\n\t\t\t\t\t\t\t\t\t<div class=\"wpr-promo-box-description\">\n\t\t\t\t\t\t<p><p><br \/>Brasil\u00a0 +55 (11) 97808-5237<br \/><br \/>Brasil\u00a0 +55 (11) 94071-1388<\/p><\/p>\t\n\t\t\t\t\t<\/div>\t\t\t\t\t\t\n\t\t\t\t\n\t\t\t\t\t\t\t<\/div>\n\n\t\t\t\t\t<\/div>\n\n\t\t\t\t\t\t<\/div>\n\t\t\t\t<div class=\"elementor-element elementor-element-3a8237f wpr-promo-box-style-cover elementor-invisible elementor-widget elementor-widget-wpr-promo-box\" data-id=\"3a8237f\" data-element_type=\"widget\" data-e-type=\"widget\" data-settings=\"{&quot;_animation&quot;:&quot;zoomIn&quot;}\" data-widget_type=\"wpr-promo-box.default\">\n\t\t\t\t\t\n\t\t<div class=\"wpr-promo-box wpr-animation-wrap\">\n\n\t\t\t\t\t\t\t\n\t\t\t\t\t\t\t<div class=\"wpr-promo-box-image\">\n\t\t\t\t\t<div class=\"wpr-promo-box-bg-image wpr-bg-anim-zoom-in wpr-anim-timing-ease-default\" style=\"background-image:url(https:\/\/olabeyond.com\/wp-content\/uploads\/2025\/04\/Cover-Main.jpg);\"><\/div>\n\t\t\t\t\t<div class=\"wpr-promo-box-bg-overlay wpr-border-anim-none\"><\/div>\n\t\t\t\t<\/div>\n\t\t\t\t\t\t\n\t\t\t<div class=\"wpr-promo-box-content\">\n\n\t\t\t\t\t\t\t\t<div class=\"wpr-promo-box-icon\">\n\t\t\t\t\t\t\t\t\t\t\t<i class=\"fas fa-envelope\"><\/i>\n\t\t\t\t\t\t\t\t\t<\/div>\n\t\t\t\t\n\t\t\t\t<h3 class=\"wpr-promo-box-title\"><span>Email<\/span><\/h3>\n\t\t\t\t\t\t\t\t\t<div class=\"wpr-promo-box-description\">\n\t\t\t\t\t\t<p><p><br \/>atendimento@casabey.com.br<br \/><br \/>rh@casabey.com.b<\/p><\/p>\t\n\t\t\t\t\t<\/div>\t\t\t\t\t\t\n\t\t\t\t\n\t\t\t\t\t\t\t<\/div>\n\n\t\t\t\t\t<\/div>\n\n\t\t\t\t\t\t<\/div>\n\t\t\t\t<div class=\"elementor-element elementor-element-e2f5464 wpr-promo-box-style-cover elementor-invisible elementor-widget elementor-widget-wpr-promo-box\" data-id=\"e2f5464\" data-element_type=\"widget\" data-e-type=\"widget\" data-settings=\"{&quot;_animation&quot;:&quot;zoomIn&quot;}\" data-widget_type=\"wpr-promo-box.default\">\n\t\t\t\t\t\n\t\t<div class=\"wpr-promo-box wpr-animation-wrap\">\n\n\t\t\t\t\t\t\t\n\t\t\t\t\t\t\t<div class=\"wpr-promo-box-image\">\n\t\t\t\t\t<div class=\"wpr-promo-box-bg-image wpr-bg-anim-zoom-in wpr-anim-timing-ease-default\" style=\"background-image:url(https:\/\/olabeyond.com\/wp-content\/uploads\/2025\/04\/V2.jpg);\"><\/div>\n\t\t\t\t\t<div class=\"wpr-promo-box-bg-overlay wpr-border-anim-none\"><\/div>\n\t\t\t\t<\/div>\n\t\t\t\t\t\t\n\t\t\t<div class=\"wpr-promo-box-content\">\n\n\t\t\t\t\t\t\t\t<div class=\"wpr-promo-box-icon\">\n\t\t\t\t\t\t\t\t\t\t\t<i class=\"fas fa-map-marker-alt\"><\/i>\n\t\t\t\t\t\t\t\t\t<\/div>\n\t\t\t\t\n\t\t\t\t<h3 class=\"wpr-promo-box-title\"><span>Onde estamos?<\/span><\/h3>\n\t\t\t\t\t\t\t\t\t<div class=\"wpr-promo-box-description\">\n\t\t\t\t\t\t<p><p>A Beyond tem base em S\u00e3o Paulo,\u00a0 atendemos empresas em todo o Brasil e projetos internacionais.<br \/><br \/><\/p><\/p>\t\n\t\t\t\t\t<\/div>\t\t\t\t\t\t\n\t\t\t\t\n\t\t\t\t\t\t\t<\/div>\n\n\t\t\t\t\t<\/div>\n\n\t\t\t\t\t\t<\/div>\n\t\t\t\t\t<\/div>\n\t\t\t\t<\/div>\n\t\t<div class=\"elementor-element elementor-element-4e59804 e-flex e-con-boxed wpr-particle-no wpr-jarallax-no wpr-parallax-no wpr-sticky-section-no elementor-invisible e-con e-parent\" data-id=\"4e59804\" data-element_type=\"container\" data-e-type=\"container\" data-settings=\"{&quot;animation&quot;:&quot;zoomIn&quot;}\">\n\t\t\t\t\t<div class=\"e-con-inner\">\n\t\t<div class=\"elementor-element elementor-element-9c9db18 e-con-full e-flex wpr-particle-no wpr-jarallax-no wpr-parallax-no wpr-sticky-section-no e-con e-child\" data-id=\"9c9db18\" data-element_type=\"container\" data-e-type=\"container\">\n\t\t\t\t<div class=\"elementor-element elementor-element-2f68640 elementor-widget elementor-widget-image\" data-id=\"2f68640\" data-element_type=\"widget\" data-e-type=\"widget\" data-widget_type=\"image.default\">\n\t\t\t\t\t\t\t\t\t\t\t\t\t\t\t<img fetchpriority=\"high\" decoding=\"async\" width=\"955\" height=\"281\" src=\"https:\/\/olabeyond.com\/wp-content\/uploads\/2025\/04\/Pic-3.png\" class=\"attachment-full size-full wp-image-941\" alt=\"\" srcset=\"https:\/\/olabeyond.com\/wp-content\/uploads\/2025\/04\/Pic-3.png 955w, https:\/\/olabeyond.com\/wp-content\/uploads\/2025\/04\/Pic-3-300x88.png 300w, https:\/\/olabeyond.com\/wp-content\/uploads\/2025\/04\/Pic-3-768x226.png 768w\" sizes=\"(max-width: 955px) 100vw, 955px\" \/>\t\t\t\t\t\t\t\t\t\t\t\t\t\t\t<\/div>\n\t\t\t\t<div class=\"elementor-element elementor-element-a99692b elementor-widget elementor-widget-text-editor\" data-id=\"a99692b\" data-element_type=\"widget\" data-e-type=\"widget\" data-widget_type=\"text-editor.default\">\n\t\t\t\t\t\t\t\t\t<p data-start=\"302\" data-end=\"396\">Na Beyond, cada projeto come\u00e7a com escuta estrat\u00e9gica e vis\u00e3o de crescimento.<\/p>\t\t\t\t\t\t\t\t<\/div>\n\t\t\t\t<div class=\"elementor-element elementor-element-9ebab1d elementor-widget elementor-widget-heading\" data-id=\"9ebab1d\" data-element_type=\"widget\" data-e-type=\"widget\" data-widget_type=\"heading.default\">\n\t\t\t\t\t<h2 class=\"elementor-heading-title elementor-size-default\">Queremos entender o seu momento.<\/h2>\t\t\t\t<\/div>\n\t\t\t\t<div class=\"elementor-element elementor-element-4ee49a8 wpr-button-icon-style-inline wpr-button-icon-position-right elementor-widget elementor-widget-wpr-button\" data-id=\"4ee49a8\" data-element_type=\"widget\" data-e-type=\"widget\" data-widget_type=\"wpr-button.default\">\n\t\t\t\t\t\t\n\t\t\t\n\t\t\n\t\t<div class=\"wpr-button-wrap elementor-clearfix\">\n\t\t<a class=\"wpr-button wpr-button-effect wpr-button-none\" data-text=\"\" href=\"https:\/\/api.whatsapp.com\/send\/?phone=5511978085237&#038;text=Ol%C3%A1%2C+vim+do+site+e+gostaria+de+um+or%C3%A7amento.+&#038;type=phone_number&#038;app_absent=0\">\n\t\t\t\n\t\t\t<span class=\"wpr-button-content\">\n\t\t\t\t\t\t\t\t\t<span class=\"wpr-button-text\">Fale com a Bey<\/span>\n\t\t\t\t\t\t\t\t\n\t\t\t\t\t\t\t\t\t<span class=\"wpr-button-icon\"><svg class=\"e-font-icon-svg e-fas-headset\" viewBox=\"0 0 512 512\" xmlns=\"http:\/\/www.w3.org\/2000\/svg\"><path d=\"M192 208c0-17.67-14.33-32-32-32h-16c-35.35 0-64 28.65-64 64v48c0 35.35 28.65 64 64 64h16c17.67 0 32-14.33 32-32V208zm176 144c35.35 0 64-28.65 64-64v-48c0-35.35-28.65-64-64-64h-16c-17.67 0-32 14.33-32 32v112c0 17.67 14.33 32 32 32h16zM256 0C113.18 0 4.58 118.83 0 256v16c0 8.84 7.16 16 16 16h16c8.84 0 16-7.16 16-16v-16c0-114.69 93.31-208 208-208s208 93.31 208 208h-.12c.08 2.43.12 165.72.12 165.72 0 23.35-18.93 42.28-42.28 42.28H320c0-26.51-21.49-48-48-48h-32c-26.51 0-48 21.49-48 48s21.49 48 48 48h181.72c49.86 0 90.28-40.42 90.28-90.28V256C507.42 118.83 398.82 0 256 0z\"><\/path><\/svg><\/span>\n\t\t\t\t\t\t\t<\/span>\n\t\t<\/a>\n\n\t\t\t\t<\/div>\n\t\n\t\n\t\t\t\t\t<\/div>\n\t\t\t\t<\/div>\n\t\t\t\t\t<\/div>\n\t\t\t\t<\/div>\n\t\t\t\t<\/div>\n\t\t","protected":false},"excerpt":{"rendered":"<p>Contato Home \/ Vamos estruturar o crescimento da sua marca. Conte pra gente sobre seu momento e seus objetivos. Vamos analisar seu cen\u00e1rio e indicar o melhor caminho. Contact Us Fale com a Bey Preencha os dados abaixo e nos conte o que voc\u00ea busca. Quanto mais contexto, mais preciso ser\u00e1 o nosso direcionamento. Nome Sobrenome Email N\u00famero de contato Empresa Site Servi\u00e7o Tr\u00e1fego Pago Consultoria de Marketing Cria\u00e7\u00e3o de conte\u00fado 1 mes em 1 dia Social media Branding Desenvolvimento de sites Design Lan\u00e7amentos Outros Preferred Contact Method Email Celular (Liga\u00e7\u00e3o) Meeting WhatsApp Message Attach any relevant files or project briefs Please remove unsupported file type(s): PDF DOCX PNG JPG Send Fale conosco Brasil\u00a0 +55 (11) 97808-5237 Brasil\u00a0 +55 (11) 94071-1388 Email atendimento@casabey.com.br rh@casabey.com.b Onde estamos? A Beyond tem base em S\u00e3o Paulo,\u00a0 atendemos empresas em todo o Brasil e projetos internacionais. Na Beyond, cada projeto come\u00e7a com escuta estrat\u00e9gica e vis\u00e3o de crescimento. Queremos entender o seu momento. Fale com a Bey<\/p>\n","protected":false},"author":1,"featured_media":0,"parent":0,"menu_order":0,"comment_status":"closed","ping_status":"closed","template":"elementor_canvas","meta":{"footnotes":""},"class_list":["post-1610","page","type-page","status-publish","hentry"],"_links":{"self":[{"href":"https:\/\/olabeyond.com\/index.php?rest_route=\/wp\/v2\/pages\/1610","targetHints":{"allow":["GET"]}}],"collection":[{"href":"https:\/\/olabeyond.com\/index.php?rest_route=\/wp\/v2\/pages"}],"about":[{"href":"https:\/\/olabeyond.com\/index.php?rest_route=\/wp\/v2\/types\/page"}],"author":[{"embeddable":true,"href":"https:\/\/olabeyond.com\/index.php?rest_route=\/wp\/v2\/users\/1"}],"replies":[{"embeddable":true,"href":"https:\/\/olabeyond.com\/index.php?rest_route=%2Fwp%2Fv2%2Fcomments&post=1610"}],"version-history":[{"count":19,"href":"https:\/\/olabeyond.com\/index.php?rest_route=\/wp\/v2\/pages\/1610\/revisions"}],"predecessor-version":[{"id":1955,"href":"https:\/\/olabeyond.com\/index.php?rest_route=\/wp\/v2\/pages\/1610\/revisions\/1955"}],"wp:attachment":[{"href":"https:\/\/olabeyond.com\/index.php?rest_route=%2Fwp%2Fv2%2Fmedia&parent=1610"}],"curies":[{"name":"wp","href":"https:\/\/api.w.org\/{rel}","templated":true}]}}